{"id":3380,"date":"2021-07-08T15:54:08","date_gmt":"2021-07-08T15:54:08","guid":{"rendered":"https:\/\/viebelle.ro\/?post_type=product&#038;p=3380"},"modified":"2025-02-18T16:58:50","modified_gmt":"2025-02-18T16:58:50","slug":"chanel-2021-ochelari-de-soare-dama","status":"publish","type":"product","link":"https:\/\/viebelle.ro\/?product=chanel-2021-ochelari-de-soare-dama","title":{"rendered":"Marc Jacobs Decadence, Eau de Parfum, 100ml (Tester)"},"content":{"rendered":"<p>Marc Jacobs Decadence<\/p>\n<p>Senzual\u0103, memorabil\u0103 \u0219i absolut decadent\u0103 &#8211; aceasta este apa de parfum Marc Jacobs Decadence. Las\u0103-te \u00een voia dorin\u021belor tale cele mai secrete, tr\u0103ie\u0219te dup\u0103 propriile reguli!<\/p>\n<p>    un elegant parfum lemnos, cu accente orientale<br \/>\n    pentru o femeie sofisticat\u0103, cu gusturi rafinate<br \/>\n    potrivit \u00een special pentru sear\u0103 \u0219i la ocazii deosebite<\/p>\n","protected":false},"excerpt":{"rendered":"<p><img decoding=\"async\" loading=\"lazy\" src=\"https:\/\/viebelle.ro\/wp-content\/uploads\/2020\/09\/tra-gratis.jpg\" alt=\"\" width=\"370\" height=\"136\" class=\"alignleft size-full wp-image-159\" srcset=\"https:\/\/viebelle.ro\/wp-content\/uploads\/2020\/09\/tra-gratis.jpg 370w, https:\/\/viebelle.ro\/wp-content\/uploads\/2020\/09\/tra-gratis-300x110.jpg 300w\" sizes=\"(max-width: 370px) 100vw, 370px\" \/><\/p>\n","protected":false},"featured_media":11930,"comment_status":"closed","ping_status":"closed","template":"","meta":[],"_links":{"self":[{"href":"https:\/\/viebelle.ro\/index.php?rest_route=\/wp\/v2\/product\/3380"}],"collection":[{"href":"https:\/\/viebelle.ro\/index.php?rest_route=\/wp\/v2\/product"}],"about":[{"href":"https:\/\/viebelle.ro\/index.php?rest_route=\/wp\/v2\/types\/product"}],"replies":[{"embeddable":true,"href":"https:\/\/viebelle.ro\/index.php?rest_route=%2Fwp%2Fv2%2Fcomments&post=3380"}],"wp:featuredmedia":[{"embeddable":true,"href":"https:\/\/viebelle.ro\/index.php?rest_route=\/wp\/v2\/media\/11930"}],"wp:attachment":[{"href":"https:\/\/viebelle.ro\/index.php?rest_route=%2Fwp%2Fv2%2Fmedia&parent=3380"}],"curies":[{"name":"wp","href":"https:\/\/api.w.org\/{rel}","templated":true}]}}