{"id":3357,"date":"2021-07-08T11:37:03","date_gmt":"2021-07-08T11:37:03","guid":{"rendered":"https:\/\/viebelle.ro\/?post_type=product&#038;p=3357"},"modified":"2024-11-06T16:59:53","modified_gmt":"2024-11-06T16:59:53","slug":"prada-2021-ochelari-de-soare-unisex","status":"publish","type":"product","link":"https:\/\/viebelle.ro\/?product=prada-2021-ochelari-de-soare-unisex","title":{"rendered":"PRADA  Ochelari de Soare UNISEX"},"content":{"rendered":"<p>Modelul PRADA 2021 reprezint\u0103 o adev\u0103rat\u0103 sclipire de fashion, deoarece ace\u015fti ochelari de soare \u00ee\u0163i vor conferi o str\u0103lucire aparte, confer\u0103 desigur \u015fi o protec\u0163ia UV400 optim\u0103 pentru ochii t\u0103i.<\/p>\n<p>Ochelarii cu form\u0103 p\u0103trat\u0103 accentueaz\u0103 \u015fi mai mult forma chipului \u015fi se dovedesc a fi un element de stil important pentru personalit\u0103\u0163ile pline de \u00eencredere \u00een sine.<\/p>\n<p>Atentie:<br \/>\nOCHELARII VIN IMPACHETATI FOARTE BINE IN FOLIE CU BULE PENTRU PROTECTIE, DAR FARA TOC DIN PACATE \ud83d\ude41<\/p>\n","protected":false},"excerpt":{"rendered":"<p><img decoding=\"async\" loading=\"lazy\" class=\"alignleft size-full wp-image-159\" src=\"https:\/\/viebelle.ro\/wp-content\/uploads\/2020\/09\/tra-gratis.jpg\" alt=\"\" width=\"370\" height=\"136\" srcset=\"https:\/\/viebelle.ro\/wp-content\/uploads\/2020\/09\/tra-gratis.jpg 370w, https:\/\/viebelle.ro\/wp-content\/uploads\/2020\/09\/tra-gratis-300x110.jpg 300w\" sizes=\"(max-width: 370px) 100vw, 370px\" \/><\/p>\n","protected":false},"featured_media":3359,"comment_status":"closed","ping_status":"closed","template":"","meta":[],"_links":{"self":[{"href":"https:\/\/viebelle.ro\/index.php?rest_route=\/wp\/v2\/product\/3357"}],"collection":[{"href":"https:\/\/viebelle.ro\/index.php?rest_route=\/wp\/v2\/product"}],"about":[{"href":"https:\/\/viebelle.ro\/index.php?rest_route=\/wp\/v2\/types\/product"}],"replies":[{"embeddable":true,"href":"https:\/\/viebelle.ro\/index.php?rest_route=%2Fwp%2Fv2%2Fcomments&post=3357"}],"wp:featuredmedia":[{"embeddable":true,"href":"https:\/\/viebelle.ro\/index.php?rest_route=\/wp\/v2\/media\/3359"}],"wp:attachment":[{"href":"https:\/\/viebelle.ro\/index.php?rest_route=%2Fwp%2Fv2%2Fmedia&parent=3357"}],"curies":[{"name":"wp","href":"https:\/\/api.w.org\/{rel}","templated":true}]}}