{"id":252,"date":"2020-09-07T09:56:33","date_gmt":"2020-09-07T09:56:33","guid":{"rendered":"https:\/\/viebelle.ro\/?post_type=product&#038;p=252"},"modified":"2025-02-16T11:56:41","modified_gmt":"2025-02-16T11:56:41","slug":"mugler-aura-apa-de-parfum-90ml-tester","status":"publish","type":"product","link":"https:\/\/viebelle.ro\/?product=mugler-aura-apa-de-parfum-90ml-tester","title":{"rendered":"Libre, Yves Saint Laurent-Eau de Parfum, 90ml (Tester)"},"content":{"rendered":"<p>-un parfum floral, vanilie cald\u0103, cu mosc, chihlimbar \u0219i cedru, confer\u0103 parfumului o personalitate grandioas\u0103.<br \/>\n-esen\u021be de portocal,\u00eempreun\u0103 cu acorduri de lavand\u0103 \u00eenso\u021bite de ulei de mandarin\u0103 \u0219i coac\u0103z\u0103 neagr\u0103<\/p>\n<p>Libre \u00eenseamn\u0103 liber \u00een limba francez\u0103, iar sensul acesta penetreaz\u0103 toate elementele acestui parfum senzual. Este destinat tuturor femeilor puternice, pentru care libertatea reprezint\u0103 valoarea suprem\u0103. Ca, de altfel, \u0219i pentru brandul Yves Saint Laurent.<\/p>\n<p>Povestea parfumului se reflect\u0103 \u0219i \u00een designul flaconului. Luxul spectaculos se reg\u0103se\u0219te \u00een liniile abrupte, cu un logo distinctiv \u00eenf\u0103\u0219urat \u00een jurul sticlei, \u0219i \u00een decora\u021bia aurie, asimetric\u0103, de pe capacul negru.<\/p>\n","protected":false},"excerpt":{"rendered":"<p><img decoding=\"async\" loading=\"lazy\" class=\"alignleft size-medium wp-image-159\" src=\"https:\/\/viebelle.ro\/wp-content\/uploads\/2020\/09\/tra-gratis-300x110.jpg\" alt=\"\" width=\"300\" height=\"110\" srcset=\"https:\/\/viebelle.ro\/wp-content\/uploads\/2020\/09\/tra-gratis-300x110.jpg 300w, https:\/\/viebelle.ro\/wp-content\/uploads\/2020\/09\/tra-gratis.jpg 370w\" sizes=\"(max-width: 300px) 100vw, 300px\" \/><img decoding=\"async\" loading=\"lazy\" class=\"aligncenter size-full wp-image-161\" src=\"https:\/\/viebelle.ro\/wp-content\/uploads\/2020\/09\/risc-0-1.jpg\" alt=\"\" width=\"283\" height=\"56\" \/><\/p>\n","protected":false},"featured_media":9423,"comment_status":"closed","ping_status":"closed","template":"","meta":[],"_links":{"self":[{"href":"https:\/\/viebelle.ro\/index.php?rest_route=\/wp\/v2\/product\/252"}],"collection":[{"href":"https:\/\/viebelle.ro\/index.php?rest_route=\/wp\/v2\/product"}],"about":[{"href":"https:\/\/viebelle.ro\/index.php?rest_route=\/wp\/v2\/types\/product"}],"replies":[{"embeddable":true,"href":"https:\/\/viebelle.ro\/index.php?rest_route=%2Fwp%2Fv2%2Fcomments&post=252"}],"wp:featuredmedia":[{"embeddable":true,"href":"https:\/\/viebelle.ro\/index.php?rest_route=\/wp\/v2\/media\/9423"}],"wp:attachment":[{"href":"https:\/\/viebelle.ro\/index.php?rest_route=%2Fwp%2Fv2%2Fmedia&parent=252"}],"curies":[{"name":"wp","href":"https:\/\/api.w.org\/{rel}","templated":true}]}}