{"id":185,"date":"2020-09-06T20:44:18","date_gmt":"2020-09-06T20:44:18","guid":{"rendered":"https:\/\/viebelle.ro\/?post_type=product&#038;p=185"},"modified":"2024-11-11T14:01:46","modified_gmt":"2024-11-11T14:01:46","slug":"paco-rabanne-lady-million-apa-de-parfum-80ml-tester","status":"publish","type":"product","link":"https:\/\/viebelle.ro\/?product=paco-rabanne-lady-million-apa-de-parfum-80ml-tester","title":{"rendered":"Tom Ford Vanilla Sex -Apa de Parfum , 100ml"},"content":{"rendered":"<p>Tom Ford Vanilla Sex -Apa de Parfum , 100ml<\/p>\n<p>Vanilla Sex a fost lansat in 2023.Vanilla Sex de Tom Ford este un parfum Ambra Vanilat unisex. Nota de varf este migdale amare; notele de mijloc sunt vanilie si note florale; Notele de baza sunt absolut de vanilie, Ultravanil, boabe de tonka si lemn de santal.<\/p>\n<p>Casa american\u0103 de parfumuri Tom Ford a anun\u021bat un nou parfum numit Vanilla Sex. Dac\u0103 exist\u0103 ceva pentru care este cunoscut mogulul modei Tom Ford, acesta este dorin\u021ba lui de a \u00eenl\u0103tura regulile pentru a crea insinu\u0103ri cu rezultate sensuale<\/p>\n","protected":false},"excerpt":{"rendered":"<p><img decoding=\"async\" loading=\"lazy\" class=\"alignleft size-medium wp-image-159\" src=\"https:\/\/viebelle.ro\/wp-content\/uploads\/2020\/09\/tra-gratis-300x110.jpg\" alt=\"\" width=\"300\" height=\"110\" srcset=\"https:\/\/viebelle.ro\/wp-content\/uploads\/2020\/09\/tra-gratis-300x110.jpg 300w, https:\/\/viebelle.ro\/wp-content\/uploads\/2020\/09\/tra-gratis.jpg 370w\" sizes=\"(max-width: 300px) 100vw, 300px\" \/><img decoding=\"async\" loading=\"lazy\" class=\"aligncenter size-full wp-image-161\" src=\"https:\/\/viebelle.ro\/wp-content\/uploads\/2020\/09\/risc-0-1.jpg\" alt=\"\" width=\"283\" height=\"56\" \/><\/p>\n","protected":false},"featured_media":11924,"comment_status":"closed","ping_status":"closed","template":"","meta":[],"_links":{"self":[{"href":"https:\/\/viebelle.ro\/index.php?rest_route=\/wp\/v2\/product\/185"}],"collection":[{"href":"https:\/\/viebelle.ro\/index.php?rest_route=\/wp\/v2\/product"}],"about":[{"href":"https:\/\/viebelle.ro\/index.php?rest_route=\/wp\/v2\/types\/product"}],"replies":[{"embeddable":true,"href":"https:\/\/viebelle.ro\/index.php?rest_route=%2Fwp%2Fv2%2Fcomments&post=185"}],"wp:featuredmedia":[{"embeddable":true,"href":"https:\/\/viebelle.ro\/index.php?rest_route=\/wp\/v2\/media\/11924"}],"wp:attachment":[{"href":"https:\/\/viebelle.ro\/index.php?rest_route=%2Fwp%2Fv2%2Fmedia&parent=185"}],"curies":[{"name":"wp","href":"https:\/\/api.w.org\/{rel}","templated":true}]}}