{"id":13155,"date":"2024-11-11T14:00:00","date_gmt":"2024-11-11T14:00:00","guid":{"rendered":"https:\/\/viebelle.ro\/?post_type=product&#038;p=13155"},"modified":"2025-02-24T18:05:57","modified_gmt":"2025-02-24T18:05:57","slug":"jean-paul-gaultier-le-male-le-parfum-tester-125ml","status":"publish","type":"product","link":"https:\/\/viebelle.ro\/?product=jean-paul-gaultier-le-male-le-parfum-tester-125ml","title":{"rendered":"Jean Paul Gaultier Le Male Le Parfum Tester 125ml"},"content":{"rendered":"<p data-sourcepos=\"3:1-3:94\"><strong>Un parfum pentru b\u0103rbatul modern- Jean Paul Gaultier Le Male Le Parfum BARBATI Apa de parfum Tester 125ml<\/strong>, o arom\u0103 oriental foug\u00e8re intens\u0103 \u0219i captivant\u0103 care te va cuceri instantaneu cu prospe\u021bimea sa energizant\u0103 \u0219i aura de masculinitate rafinat\u0103 \u0219i puternic\u0103. Un parfum perfect pentru b\u0103rbatul modern \u0219i independent care \u00ee\u0219i define\u0219te propriile reguli.<\/p>\n<ul data-sourcepos=\"7:1-8:0\">\n<li data-sourcepos=\"7:1-8:0\"><strong>Le Male Le Parfum<\/strong> nu este doar un parfum, este o declara\u021bie de individualitate \u0219i masculinitate asumat\u0103. Un parfum ideal pentru b\u0103rbatul care dore\u0219te s\u0103 se simt\u0103 \u00eencrez\u0103tor \u0219i charismatic \u00een orice moment.<\/li>\n<li data-sourcepos=\"11:1-11:125\"><strong>Note de v\u00e2rf:<\/strong> Un preludiu vibrant de ment\u0103, lavand\u0103 \u0219i cardamom te \u00eenv\u0103luie \u00eentr-o aur\u0103 energizant\u0103, trezind sim\u021burile.<\/li>\n<li data-sourcepos=\"12:1-12:80\"><strong>Note de mijloc:<\/strong> Inima parfumului te poart\u0103 c\u0103tre o oaz\u0103 de iris, salvie \u0219i geranium, \u00eenv\u0103luite \u00een c\u0103ldura lemnului de santal \u0219i a vetiverului.<\/li>\n<li data-sourcepos=\"13:1-14:0\"><strong>Note de baz\u0103:<\/strong> O baz\u0103 intens\u0103 de vanilie, mosc alb \u0219i ambr\u0103 completeaz\u0103 perfect compozi\u021bia, oferind parfumului profunzime \u0219i persisten\u021b\u0103, complet\u00e2nd perfect experien\u021ba olfactiv\u0103.<\/li>\n<\/ul>\n<p data-sourcepos=\"15:1-15:37\"><strong>\u00a0<\/strong><\/p>\n","protected":false},"excerpt":{"rendered":"<p><img decoding=\"async\" loading=\"lazy\" class=\"alignleft size-full wp-image-159\" src=\"https:\/\/viebelle.ro\/wp-content\/uploads\/2020\/09\/tra-gratis.jpg\" alt=\"\" width=\"370\" height=\"136\" srcset=\"https:\/\/viebelle.ro\/wp-content\/uploads\/2020\/09\/tra-gratis.jpg 370w, https:\/\/viebelle.ro\/wp-content\/uploads\/2020\/09\/tra-gratis-300x110.jpg 300w\" sizes=\"(max-width: 370px) 100vw, 370px\" \/><\/p>\n","protected":false},"featured_media":13156,"comment_status":"closed","ping_status":"closed","template":"","meta":[],"_links":{"self":[{"href":"https:\/\/viebelle.ro\/index.php?rest_route=\/wp\/v2\/product\/13155"}],"collection":[{"href":"https:\/\/viebelle.ro\/index.php?rest_route=\/wp\/v2\/product"}],"about":[{"href":"https:\/\/viebelle.ro\/index.php?rest_route=\/wp\/v2\/types\/product"}],"replies":[{"embeddable":true,"href":"https:\/\/viebelle.ro\/index.php?rest_route=%2Fwp%2Fv2%2Fcomments&post=13155"}],"wp:featuredmedia":[{"embeddable":true,"href":"https:\/\/viebelle.ro\/index.php?rest_route=\/wp\/v2\/media\/13156"}],"wp:attachment":[{"href":"https:\/\/viebelle.ro\/index.php?rest_route=%2Fwp%2Fv2%2Fmedia&parent=13155"}],"curies":[{"name":"wp","href":"https:\/\/api.w.org\/{rel}","templated":true}]}}