{"id":12512,"date":"2024-06-17T15:54:15","date_gmt":"2024-06-17T15:54:15","guid":{"rendered":"https:\/\/viebelle.ro\/?post_type=product&#038;p=12512"},"modified":"2025-10-09T07:55:15","modified_gmt":"2025-10-09T07:55:15","slug":"amouage-interlude-woman-eau-de-parfum-100ml-tester-sigilat","status":"publish","type":"product","link":"https:\/\/viebelle.ro\/?product=amouage-interlude-woman-eau-de-parfum-100ml-tester-sigilat","title":{"rendered":"Amouage Interlude, Femei,  Eau de Parfum, 100ml (Tester Sigilat)"},"content":{"rendered":"<p>Interlude Woman de la Amouage este un parfum pentru femei cu o compozi\u021bie extrem de complex\u0103 \u0219i bogat\u0103, care \u00eembin\u0103 arome florale, condimentate \u0219i lemnoase pentru a crea o experien\u021b\u0103 olfactiv\u0103 memorabil\u0103.<\/p>\n<p>Notele de v\u00e2rf \u00eencep cu galbenele, ghimbir, grapefruit \u0219i bergamot\u0103. Aceast\u0103 deschidere adaug\u0103 o not\u0103 vibrant\u0103 \u0219i revigorant\u0103 parfumului, cu nuan\u021be proaspete \u0219i condimentate.<\/p>\n<p>Notele de baza sunt Piele, Benzoin, Lemn de Agar (Oud), Lemn de santal, Chihlimbar, Boabe Tonka, Lichen, Vanilie si Mosc.<\/p>\n","protected":false},"excerpt":{"rendered":"<p><img decoding=\"async\" loading=\"lazy\" class=\"alignleft size-full wp-image-159\" src=\"https:\/\/viebelle.ro\/wp-content\/uploads\/2020\/09\/tra-gratis.jpg\" alt=\"\" width=\"370\" height=\"136\" srcset=\"https:\/\/viebelle.ro\/wp-content\/uploads\/2020\/09\/tra-gratis.jpg 370w, https:\/\/viebelle.ro\/wp-content\/uploads\/2020\/09\/tra-gratis-300x110.jpg 300w\" sizes=\"(max-width: 370px) 100vw, 370px\" \/><\/p>\n","protected":false},"featured_media":12513,"comment_status":"closed","ping_status":"closed","template":"","meta":[],"_links":{"self":[{"href":"https:\/\/viebelle.ro\/index.php?rest_route=\/wp\/v2\/product\/12512"}],"collection":[{"href":"https:\/\/viebelle.ro\/index.php?rest_route=\/wp\/v2\/product"}],"about":[{"href":"https:\/\/viebelle.ro\/index.php?rest_route=\/wp\/v2\/types\/product"}],"replies":[{"embeddable":true,"href":"https:\/\/viebelle.ro\/index.php?rest_route=%2Fwp%2Fv2%2Fcomments&post=12512"}],"wp:featuredmedia":[{"embeddable":true,"href":"https:\/\/viebelle.ro\/index.php?rest_route=\/wp\/v2\/media\/12513"}],"wp:attachment":[{"href":"https:\/\/viebelle.ro\/index.php?rest_route=%2Fwp%2Fv2%2Fmedia&parent=12512"}],"curies":[{"name":"wp","href":"https:\/\/api.w.org\/{rel}","templated":true}]}}