{"id":12496,"date":"2024-06-16T20:37:52","date_gmt":"2024-06-16T20:37:52","guid":{"rendered":"https:\/\/viebelle.ro\/?post_type=product&#038;p=12496"},"modified":"2025-10-09T07:55:25","modified_gmt":"2025-10-09T07:55:25","slug":"amouage-blossom-love-100ml-tester-sigilat","status":"publish","type":"product","link":"https:\/\/viebelle.ro\/?product=amouage-blossom-love-100ml-tester-sigilat","title":{"rendered":"Amouage Blossom Love 100ML TESTER SIGILAT"},"content":{"rendered":"<p><b>Amouage\u00a0 Blossom Love Eau de Parfum 100ML este un parfum lansat in 2017, ce eman\u0103 delicate\u021be \u0219i romantism.<\/b><\/p>\n<p><b>Acest parfum \u00eembin\u0103 cu m\u0103iestrie note florale dulci \u0219i accente subtile de fructe, cre\u00e2nd o experien\u021b\u0103 parfumat\u0103 de neuitat.<\/b><\/p>\n","protected":false},"excerpt":{"rendered":"<p>Amouage\u00a0 Blossom Love Eau de Parfum 100ML este un parfum lansat in 2017, ce eman\u0103 delicate\u021be \u0219i romantism. Acest parfum \u00eembin\u0103 cu m\u0103iestrie note florale dulci \u0219i accente subtile de fructe, cre\u00e2nd o experien\u021b\u0103 parfumat\u0103 de neuitat.<\/p>\n","protected":false},"featured_media":12504,"comment_status":"closed","ping_status":"closed","template":"","meta":[],"_links":{"self":[{"href":"https:\/\/viebelle.ro\/index.php?rest_route=\/wp\/v2\/product\/12496"}],"collection":[{"href":"https:\/\/viebelle.ro\/index.php?rest_route=\/wp\/v2\/product"}],"about":[{"href":"https:\/\/viebelle.ro\/index.php?rest_route=\/wp\/v2\/types\/product"}],"replies":[{"embeddable":true,"href":"https:\/\/viebelle.ro\/index.php?rest_route=%2Fwp%2Fv2%2Fcomments&post=12496"}],"wp:featuredmedia":[{"embeddable":true,"href":"https:\/\/viebelle.ro\/index.php?rest_route=\/wp\/v2\/media\/12504"}],"wp:attachment":[{"href":"https:\/\/viebelle.ro\/index.php?rest_route=%2Fwp%2Fv2%2Fmedia&parent=12496"}],"curies":[{"name":"wp","href":"https:\/\/api.w.org\/{rel}","templated":true}]}}