{"id":12371,"date":"2024-05-19T12:09:40","date_gmt":"2024-05-19T12:09:40","guid":{"rendered":"https:\/\/viebelle.ro\/?post_type=product&#038;p=12371"},"modified":"2024-11-11T14:00:51","modified_gmt":"2024-11-11T14:00:51","slug":"tom-ford-ebene-fume-100-ml-tester-original-sigilat","status":"publish","type":"product","link":"https:\/\/viebelle.ro\/?product=tom-ford-ebene-fume-100-ml-tester-original-sigilat","title":{"rendered":"TOM FORD Eb\u00e8ne Fum\u00e9 100 ML &#8211; TESTER ORIGINAL SIGILAT"},"content":{"rendered":"<p>Acest produs vine ambalat in cutia originala sigilata !<\/p>\n<p>&nbsp;<\/p>\n<p>Tom Ford \u00c9B\u00c8NE FUM\u00c9.=, lemn de abanos, piper negru, r\u0103\u0219in\u0103 de laudanum, pin \u0219i trandafiri au fost \u00eempletite pentru a-\u021bi restabili energia \u0219i buna dispozi\u021bie.<\/p>\n<p>Pentru mai mult\u0103 atitudine, echilibru \u0219i calm, deschide \u00c9B\u00c8NE FUM\u00c9, viziunea spiritual\u0103 de lux a lui Tom Ford asupra parfumurilor in timp ce rafinatul abanos este captat in note sublime de piele si rasini. In sustinerea lor, vine seductia calda, lemnoasa si fumeganda a lemnului de guaiac si a balsamurilor naturale.<\/p>\n","protected":false},"excerpt":{"rendered":"<p>Acest produs vine ambalat in cutia originala sigilata ! &nbsp; Tom Ford \u00c9B\u00c8NE FUM\u00c9.=, lemn de abanos, piper negru, r\u0103\u0219in\u0103 de laudanum, pin \u0219i trandafiri au fost \u00eempletite pentru a-\u021bi restabili energia \u0219i buna dispozi\u021bie. Pentru mai mult\u0103 atitudine, echilibru \u0219i calm, deschide \u00c9B\u00c8NE FUM\u00c9, viziunea spiritual\u0103 de lux a lui Tom Ford asupra parfumurilor [&hellip;]<\/p>\n","protected":false},"featured_media":12372,"comment_status":"closed","ping_status":"closed","template":"","meta":[],"_links":{"self":[{"href":"https:\/\/viebelle.ro\/index.php?rest_route=\/wp\/v2\/product\/12371"}],"collection":[{"href":"https:\/\/viebelle.ro\/index.php?rest_route=\/wp\/v2\/product"}],"about":[{"href":"https:\/\/viebelle.ro\/index.php?rest_route=\/wp\/v2\/types\/product"}],"replies":[{"embeddable":true,"href":"https:\/\/viebelle.ro\/index.php?rest_route=%2Fwp%2Fv2%2Fcomments&post=12371"}],"wp:featuredmedia":[{"embeddable":true,"href":"https:\/\/viebelle.ro\/index.php?rest_route=\/wp\/v2\/media\/12372"}],"wp:attachment":[{"href":"https:\/\/viebelle.ro\/index.php?rest_route=%2Fwp%2Fv2%2Fmedia&parent=12371"}],"curies":[{"name":"wp","href":"https:\/\/api.w.org\/{rel}","templated":true}]}}