{"id":12361,"date":"2024-05-19T11:40:11","date_gmt":"2024-05-19T11:40:11","guid":{"rendered":"https:\/\/viebelle.ro\/?post_type=product&#038;p=12361"},"modified":"2024-05-22T06:04:39","modified_gmt":"2024-05-22T06:04:39","slug":"xerjoff-casamorati-lira-eau-de-parfum-100ml-tester-sigilat","status":"publish","type":"product","link":"https:\/\/viebelle.ro\/?product=xerjoff-casamorati-lira-eau-de-parfum-100ml-tester-sigilat","title":{"rendered":"Xerjoff Casamorati Lira \u2013 Eau de Parfum, 100ml (Tester Sigilat)"},"content":{"rendered":"<div class=\"post-content woocommerce-product-details__short-description\">\n<p>Xerjoff Casamorati Lira are o compozi\u021bie simpl\u0103 dar surprinz\u0103toare.<\/p>\n<p>Acest produs vine ambalat in cutia originala sigilata !<\/p>\n<p>Cucere\u0219te cu note de v\u00e2rf fine, sus\u021binute de caramel \u0219i vanilie, c\u0103rora li se adaug\u0103, spre inima parfumului, prospe\u021bimea portocalelor ro\u0219ii, lini\u0219titoare. Aromele se ad\u00e2ncesc \u00een note de baz\u0103 condimentate, de scor\u021bi\u0219oar\u0103 cu iasomie egiptean\u0103 narcotic\u0103, care \u00eei confer\u0103 un strop de romantism.<\/p>\n<p><strong>Note baza<\/strong><br \/>\ncaramel, mosc, vanilie<\/p>\n<p><strong>Note inima<\/strong><br \/>\niasomie, lemn dulce, scortisoara<\/p>\n<p><strong>Note varf<\/strong><br \/>\nbergamota, lavanda, portocale rosii<\/p>\n<\/div>\n","protected":false},"excerpt":{"rendered":"<p>Xerjoff Casamorati Lira are o compozi\u021bie simpl\u0103 dar surprinz\u0103toare. Acest produs vine ambalat in cutia originala sigilata ! Cucere\u0219te cu note de v\u00e2rf fine, sus\u021binute de caramel \u0219i vanilie, c\u0103rora li se adaug\u0103, spre inima parfumului, prospe\u021bimea portocalelor ro\u0219ii, lini\u0219titoare. Aromele se ad\u00e2ncesc \u00een note de baz\u0103 condimentate, de scor\u021bi\u0219oar\u0103 cu iasomie egiptean\u0103 narcotic\u0103, care [&hellip;]<\/p>\n","protected":false},"featured_media":12364,"comment_status":"closed","ping_status":"closed","template":"","meta":[],"_links":{"self":[{"href":"https:\/\/viebelle.ro\/index.php?rest_route=\/wp\/v2\/product\/12361"}],"collection":[{"href":"https:\/\/viebelle.ro\/index.php?rest_route=\/wp\/v2\/product"}],"about":[{"href":"https:\/\/viebelle.ro\/index.php?rest_route=\/wp\/v2\/types\/product"}],"replies":[{"embeddable":true,"href":"https:\/\/viebelle.ro\/index.php?rest_route=%2Fwp%2Fv2%2Fcomments&post=12361"}],"wp:featuredmedia":[{"embeddable":true,"href":"https:\/\/viebelle.ro\/index.php?rest_route=\/wp\/v2\/media\/12364"}],"wp:attachment":[{"href":"https:\/\/viebelle.ro\/index.php?rest_route=%2Fwp%2Fv2%2Fmedia&parent=12361"}],"curies":[{"name":"wp","href":"https:\/\/api.w.org\/{rel}","templated":true}]}}