{"id":12331,"date":"2024-05-12T15:48:09","date_gmt":"2024-05-12T15:48:09","guid":{"rendered":"https:\/\/viebelle.ro\/?post_type=product&#038;p=12331"},"modified":"2024-06-10T06:37:26","modified_gmt":"2024-06-10T06:37:26","slug":"divine-jean-paul-gaultier-tester-sigilat","status":"publish","type":"product","link":"https:\/\/viebelle.ro\/?product=divine-jean-paul-gaultier-tester-sigilat","title":{"rendered":"Divine Jean Paul Gaultier 100ML -Tester Sigilat"},"content":{"rendered":"<p>Ultima creatie 2024 -. Apa de parfum Gaultier Divine a fost creat\u0103 pentru a celebra a treizecea aniversare a parfumului iconic Classique.<\/p>\n<p>Jean Paul Gaultier este un cunoscut fashion designer de origine francez\u0103<\/p>\n<p>De\u0219i pasiunea sa pentru lumea crea\u021biei nu a fost ini\u021biat\u0103 prin studii de specialitate, acest lucru nu l-a oprit s\u0103 trimit\u0103 mai departe c\u0103tre designeri faimo\u0219i, exemple ale ideilor sale \u0219i s\u0103 fie introdus de c\u0103tre Pierre Cardin \u00een acest domeniu. \u00cen anul 1993 decide s\u0103 creeze primul s\u0103u parfum \u2013 Classique. \u00cen cur\u00e2nd, Le Mele avea s\u0103 devin\u0103 cel mai bine v\u00e2ndut parfum \u0219i lumea avea s\u0103 recunoasc\u0103 succesul evident al brandului.<\/p>\n","protected":false},"excerpt":{"rendered":"<p>Ultima creatie 2024 -. Apa de parfum Gaultier Divine a fost creat\u0103 pentru a celebra a treizecea aniversare a parfumului iconic Classique. Jean Paul Gaultier este un cunoscut fashion designer de origine francez\u0103 De\u0219i pasiunea sa pentru lumea crea\u021biei nu a fost ini\u021biat\u0103 prin studii de specialitate, acest lucru nu l-a oprit s\u0103 trimit\u0103 mai [&hellip;]<\/p>\n","protected":false},"featured_media":12332,"comment_status":"closed","ping_status":"closed","template":"","meta":[],"_links":{"self":[{"href":"https:\/\/viebelle.ro\/index.php?rest_route=\/wp\/v2\/product\/12331"}],"collection":[{"href":"https:\/\/viebelle.ro\/index.php?rest_route=\/wp\/v2\/product"}],"about":[{"href":"https:\/\/viebelle.ro\/index.php?rest_route=\/wp\/v2\/types\/product"}],"replies":[{"embeddable":true,"href":"https:\/\/viebelle.ro\/index.php?rest_route=%2Fwp%2Fv2%2Fcomments&post=12331"}],"wp:featuredmedia":[{"embeddable":true,"href":"https:\/\/viebelle.ro\/index.php?rest_route=\/wp\/v2\/media\/12332"}],"wp:attachment":[{"href":"https:\/\/viebelle.ro\/index.php?rest_route=%2Fwp%2Fv2%2Fmedia&parent=12331"}],"curies":[{"name":"wp","href":"https:\/\/api.w.org\/{rel}","templated":true}]}}