{"id":12063,"date":"2024-02-29T16:55:07","date_gmt":"2024-02-29T16:55:07","guid":{"rendered":"https:\/\/viebelle.ro\/?post_type=product&#038;p=12063"},"modified":"2024-03-06T16:51:47","modified_gmt":"2024-03-06T16:51:47","slug":"maison-francis-kurkdjian-grand-soir-70-ml-tester-original","status":"publish","type":"product","link":"https:\/\/viebelle.ro\/?product=maison-francis-kurkdjian-grand-soir-70-ml-tester-original","title":{"rendered":"MAISON FRANCIS KURKDJIAN Grand Soir &#8211; 70 ML &#8211; TESTER"},"content":{"rendered":"<p>Parfumuri de ni\u0219\u0103<\/p>\n<p>Marca Maison Francis Kurkdjian ofer\u0103 arome de ni\u0219\u0103 armonice \u0219i atemporale. Parfumurile de ni\u0219\u0103 continu\u0103 tradi\u021bia \u00een meseria de parfumier. \u00cen timpul produc\u021biei de parfumuri de ni\u0219\u0103, accentul se concentreaz\u0103 \u00een principal pe ingredientele selectate, iar perfec\u021biunea const\u0103 \u00een procesul de fabrica\u021bie complex \u0219i scump. <\/p>\n<p>Afi\u0219at majestuos pe un cer amurg purtat de vanilia cald\u0103 de benzoin din Siam \u0219i boabe de tonka din Brazilia zdr\u0103ng\u0103nite de \u00eentunericul ad\u00e2nc al r\u0103\u0219inii de cistus din Spania. Acest parfum chihlimbar \u00eembrac\u0103 pielea cu note vibrante \u00een timp ce te pierzi \u00een ritmul energetic \u0219i misterul unei nop\u021bi \u0219erpuitoare \u00een Ora\u0219ul Luminii.<\/p>\n","protected":false},"excerpt":{"rendered":"<p>Parfumuri de ni\u0219\u0103 Marca Maison Francis Kurkdjian ofer\u0103 arome de ni\u0219\u0103 armonice \u0219i atemporale. Parfumurile de ni\u0219\u0103 continu\u0103 tradi\u021bia \u00een meseria de parfumier. \u00cen timpul produc\u021biei de parfumuri de ni\u0219\u0103, accentul se concentreaz\u0103 \u00een principal pe ingredientele selectate, iar perfec\u021biunea const\u0103 \u00een procesul de fabrica\u021bie complex \u0219i scump. Afi\u0219at majestuos pe un cer amurg purtat [&hellip;]<\/p>\n","protected":false},"featured_media":12066,"comment_status":"closed","ping_status":"closed","template":"","meta":[],"_links":{"self":[{"href":"https:\/\/viebelle.ro\/index.php?rest_route=\/wp\/v2\/product\/12063"}],"collection":[{"href":"https:\/\/viebelle.ro\/index.php?rest_route=\/wp\/v2\/product"}],"about":[{"href":"https:\/\/viebelle.ro\/index.php?rest_route=\/wp\/v2\/types\/product"}],"replies":[{"embeddable":true,"href":"https:\/\/viebelle.ro\/index.php?rest_route=%2Fwp%2Fv2%2Fcomments&post=12063"}],"wp:featuredmedia":[{"embeddable":true,"href":"https:\/\/viebelle.ro\/index.php?rest_route=\/wp\/v2\/media\/12066"}],"wp:attachment":[{"href":"https:\/\/viebelle.ro\/index.php?rest_route=%2Fwp%2Fv2%2Fmedia&parent=12063"}],"curies":[{"name":"wp","href":"https:\/\/api.w.org\/{rel}","templated":true}]}}