{"id":12057,"date":"2024-02-29T16:15:55","date_gmt":"2024-02-29T16:15:55","guid":{"rendered":"https:\/\/viebelle.ro\/?post_type=product&#038;p=12057"},"modified":"2024-03-01T07:46:58","modified_gmt":"2024-03-01T07:46:58","slug":"kilian-angelshare-apa-de-parfum-50ml-tester","status":"publish","type":"product","link":"https:\/\/viebelle.ro\/?product=kilian-angelshare-apa-de-parfum-50ml-tester","title":{"rendered":"Kilian Angel&#8217;Share apa de parfum-50ml (TESTER)"},"content":{"rendered":"<p>The Angels\u2019 Share Eau De Parfum contine esenta de coniac derivat\u0103 din lichior pentru a-i conferi o culoare natural\u0103 de caramel.<br \/>\nDeschide cu ulei de coniac pe un amestec de absolut de stejar, esent\u0103 de scortisoar\u0103 si absolut de boabe de Tonka, iar notele de lung\u0103 durat\u0103 ale parfumului de lemn de santal, pralin\u0103 si vanilie ofer\u0103 un final delicios.<\/p>\n","protected":false},"excerpt":{"rendered":"<p>The Angels\u2019 Share Eau De Parfum contine esenta de coniac derivat\u0103 din lichior pentru a-i conferi o culoare natural\u0103 de caramel. Deschide cu ulei de coniac pe un amestec de absolut de stejar, esent\u0103 de scortisoar\u0103 si absolut de boabe de Tonka, iar notele de lung\u0103 durat\u0103 ale parfumului de lemn de santal, pralin\u0103 si [&hellip;]<\/p>\n","protected":false},"featured_media":12058,"comment_status":"closed","ping_status":"closed","template":"","meta":[],"_links":{"self":[{"href":"https:\/\/viebelle.ro\/index.php?rest_route=\/wp\/v2\/product\/12057"}],"collection":[{"href":"https:\/\/viebelle.ro\/index.php?rest_route=\/wp\/v2\/product"}],"about":[{"href":"https:\/\/viebelle.ro\/index.php?rest_route=\/wp\/v2\/types\/product"}],"replies":[{"embeddable":true,"href":"https:\/\/viebelle.ro\/index.php?rest_route=%2Fwp%2Fv2%2Fcomments&post=12057"}],"wp:featuredmedia":[{"embeddable":true,"href":"https:\/\/viebelle.ro\/index.php?rest_route=\/wp\/v2\/media\/12058"}],"wp:attachment":[{"href":"https:\/\/viebelle.ro\/index.php?rest_route=%2Fwp%2Fv2%2Fmedia&parent=12057"}],"curies":[{"name":"wp","href":"https:\/\/api.w.org\/{rel}","templated":true}]}}